{"id":10,"date":"2019-02-26T21:15:17","date_gmt":"2019-02-26T20:15:17","guid":{"rendered":"http:\/\/vps647929.ovh.net\/sophro\/?page_id=10"},"modified":"2023-11-13T19:36:06","modified_gmt":"2023-11-13T19:36:06","slug":"tarifs","status":"publish","type":"page","link":"https:\/\/valeriehanouel.fr\/index.php\/tarifs\/","title":{"rendered":"Tarifs"},"content":{"rendered":"\n<h2 class=\"wp-block-heading\">Sophrologie<\/h2>\n\n\n\n<p>S\u00e9ance Individuelle<\/p>\n\n\n\n<ul>\n<li>Adulte   (dur\u00e9e moyenne 45 mn \u00e0 1h)&nbsp; : 65\u20ac<\/li>\n\n\n\n<li>Enfant (moins de 13 ans &#8211; dur\u00e9e 30 mn) : 55\u20ac<\/li>\n<\/ul>\n\n\n\n<p>Entreprises, S\u00e9ances de groupe et ateliers sur devis selon la demande <\/p>\n\n\n\n<h2 class=\"wp-block-heading\">Hypnose<\/h2>\n\n\n\n<p>S\u00e9ance Individuelle <\/p>\n\n\n\n<ul>\n<li>Adulte (dur\u00e9e moyenne 1h \u00e0 1h15) : 85\u20ac<\/li>\n\n\n\n<li>Enfant  (moins de 13 ans &#8211; dur\u00e9e 30 \u00e0 45 mn) : 60\u20ac<\/li>\n<\/ul>\n\n\n\n<p> Sevrage tabagique  &#8211; Forfait  : 190\u20ac<br><\/p>\n\n\n\n<h2 class=\"wp-block-heading\">Psychoth\u00e9rapie<\/h2>\n\n\n\n<p>S\u00e9ance Individuelle <\/p>\n\n\n\n<ul>\n<li>Adulte (dur\u00e9e moyenne 45 mn) : 60\u20ac<\/li>\n\n\n\n<li>Enfant  (moins de 13 ans &#8211; dur\u00e9e 30 mn) : 50\u20ac<\/li>\n\n\n\n<li>Couple (dur\u00e9e moyenne 1h \u00e0 1h30) : 110\u20ac<\/li>\n<\/ul>\n\n\n\n<p><\/p>\n\n\n\n<p><\/p>\n\n\n\n<p><\/p>\n\n\n\n<p><\/p>\n\n\n\n<p><\/p>\n\n\n\n<p><\/p>\n\n\n\n<p><\/p>\n\n\n\n<p><\/p>\n\n\n\n<p><\/p>\n\n\n\n<p><\/p>\n\n\n\n<!-- RESALIB BADGE -->\n    <script>(function(d, s, id) {\n    var js, fjs = d.getElementsByTagName(s)[0];\n    if (d.getElementById(id)) return;\n    js = d.createElement(s); js.id = id;\n    js.src = \"https:\/\/www.resalib.fr\/script\/29461\/badge.js\";\n    fjs.parentNode.insertBefore(js, fjs);\n    }(document, \"script\", \"resalib-sdk\"));\n    <\/script>\n    <div class=\"rlb-badge \" style=\"display: block; text-align: center; ; color: #ffffff; font-size: 15px; overflow: hidden; width: 315px; height: 50px;\n border-bottom-right-radius: none; border-bottom-left-radius: none; position: fixed; bottom: 0; \n right: 5px; z-index: 1000; border-top-left-radius: 4px; border-top-right-radius: 4px; line-height: 30px;\">\n    <a target=\"_blank\" href=\"https:\/\/www.resalib.fr\/praticien\/29461-valerie-hanouel-praticien-en-hypnose-igny\" rel=\"noopener\">Retrouvez Val\u00e9rie HANOUEL sur Resalib : annuaire, r\u00e9f\u00e9rencement et prise de rendez-vous pour les Praticiens en Hypnose<\/a>\n    <\/div>\n    <!-- RESALIB BADGE -->\n\n\n\n\n\n<p><\/p>\n\n\n\n<p><\/p>\n\n\n\n<p><\/p>\n\n\n\n<p><\/p>\n\n\n\n<p><\/p>\n\n\n\n<p><\/p>\n\n\n\n<p>Certaines mutuelles remboursent tout ou partie des s\u00e9ances de sophrologie ou d&rsquo;hypnose. Il convient de contacter votre mutuelle pour  conna\u00eetre ses conditions.<\/p>\n\n\n\n<p><strong>Ni la sophrologie, ni l&rsquo;hypnose ne peuvent se substituer \u00e0 un traitement m\u00e9dical.<\/strong><\/p>\n","protected":false},"excerpt":{"rendered":"<p>Sophrologie S\u00e9ance Individuelle Entreprises, S\u00e9ances de groupe et ateliers sur devis selon la demande Hypnose S\u00e9ance Individuelle Sevrage tabagique &#8211; Forfait : 190\u20ac Psychoth\u00e9rapie S\u00e9ance Individuelle Retrouvez Val\u00e9rie HANOUEL sur Resalib : annuaire, r\u00e9f\u00e9rencement et prise de rendez-vous pour les Praticiens en Hypnose Certaines mutuelles remboursent tout ou partie des s\u00e9ances de sophrologie ou d&rsquo;hypnose. [&hellip;]<\/p>\n","protected":false},"author":1,"featured_media":0,"parent":0,"menu_order":3,"comment_status":"closed","ping_status":"closed","template":"","meta":{"footnotes":""},"_links":{"self":[{"href":"https:\/\/valeriehanouel.fr\/index.php\/wp-json\/wp\/v2\/pages\/10"}],"collection":[{"href":"https:\/\/valeriehanouel.fr\/index.php\/wp-json\/wp\/v2\/pages"}],"about":[{"href":"https:\/\/valeriehanouel.fr\/index.php\/wp-json\/wp\/v2\/types\/page"}],"author":[{"embeddable":true,"href":"https:\/\/valeriehanouel.fr\/index.php\/wp-json\/wp\/v2\/users\/1"}],"replies":[{"embeddable":true,"href":"https:\/\/valeriehanouel.fr\/index.php\/wp-json\/wp\/v2\/comments?post=10"}],"version-history":[{"count":26,"href":"https:\/\/valeriehanouel.fr\/index.php\/wp-json\/wp\/v2\/pages\/10\/revisions"}],"predecessor-version":[{"id":497,"href":"https:\/\/valeriehanouel.fr\/index.php\/wp-json\/wp\/v2\/pages\/10\/revisions\/497"}],"wp:attachment":[{"href":"https:\/\/valeriehanouel.fr\/index.php\/wp-json\/wp\/v2\/media?parent=10"}],"curies":[{"name":"wp","href":"https:\/\/api.w.org\/{rel}","templated":true}]}}